{"id":2,"date":"2023-01-25T12:32:10","date_gmt":"2023-01-25T11:32:10","guid":{"rendered":"https:\/\/magicwonderland.es\/blog\/?page_id=2"},"modified":"2023-04-16T15:55:32","modified_gmt":"2023-04-16T13:55:32","slug":"sample-page","status":"publish","type":"page","link":"https:\/\/magicwonderland.es\/blog\/sample-page\/","title":{"rendered":"Nuestra empresa"},"content":{"rendered":"\n<p class=\"has-jost-font-family\">Magic Wonderland es una empresa que se dedica desde hace 10 a\u00f1os, a la producci\u00f3n y representaci\u00f3n de audiovisuales en 3D estereosc\u00f3pico, Teatro y Musicales. Nuestro enfoque creativo se centra en la utilizaci\u00f3n de nuevas tecnolog\u00edas esc\u00e9nicas, combinada con el lenguaje tradicional. <\/p>\n\n\n\n<blockquote class=\"wp-block-quote is-layout-flow wp-block-quote-is-layout-flow\">\n<p class=\"has-jost-font-family has-extra-small-font-size\">Nuestro trabajo creativo se inicia en la creaci\u00f3n del gui\u00f3n literario y t\u00e9cnico como tambi\u00e9n la investigaci\u00f3n y desarrollo de las tecnolog\u00edas utilizas.<\/p>\n<\/blockquote>\n\n\n\n<p class=\"has-jost-font-family\">Equipos de \u00faltima tecnolog\u00eda y la investigaci\u00f3n cont\u00ednua de nuevos elementos esc\u00e9nicos que sorprender al espectador llev\u00e1ndolo a un mundo futurista y emocional.<\/p>\n\n\n\n<blockquote class=\"wp-block-quote is-layout-flow wp-block-quote-is-layout-flow\">\n<p class=\"has-jost-font-family has-extra-small-font-size\">Descubrir, sorprender, emocionar&#8230; son nuestra meta final en cada producci\u00f3n, el detalle es nuestra obsesi\u00f3n para llegar a un producto final de la m\u00e1s alta calidad con los m\u00ednimos recursos posibles. <\/p>\n<\/blockquote>\n\n\n\n<p class=\"has-jost-font-family\">Respetamos el Medio Ambiente con acciones respetuosas con el Planeta. Nuestra Imagen Social Corporativa puede verse desde el inicio hasta el estreno de nuestras producciones. \u00abCuidemos el Planeta, holomusical\u00bb es una muestra de nuestro compromiso por concienciar al p\u00fablico, de que entre todos tenemos que respetar y cuidar nuestro Planeta Tierra.<\/p>\n","protected":false},"excerpt":{"rendered":"<p> [&hellip;]<\/p>\n","protected":false},"author":1,"featured_media":0,"parent":0,"menu_order":0,"comment_status":"closed","ping_status":"closed","template":"","meta":{"footnotes":""},"yoast_head":"<!-- This site is optimized with the Yoast SEO plugin v22.9 - https:\/\/yoast.com\/wordpress\/plugins\/seo\/ -->\n<title>Nuestra empresa - Magic Wonderland<\/title>\n<meta name=\"robots\" content=\"index, follow, max-snippet:-1, max-image-preview:large, max-video-preview:-1\" \/>\n<link rel=\"canonical\" href=\"https:\/\/magicwonderland.es\/blog\/sample-page\/\" \/>\n<meta property=\"og:locale\" content=\"es_ES\" \/>\n<meta property=\"og:type\" content=\"article\" \/>\n<meta property=\"og:title\" content=\"Nuestra empresa - Magic Wonderland\" \/>\n<meta property=\"og:description\" content=\"[&hellip;]\" \/>\n<meta property=\"og:url\" content=\"https:\/\/magicwonderland.es\/blog\/sample-page\/\" \/>\n<meta property=\"og:site_name\" content=\"Magic Wonderland\" \/>\n<meta property=\"article:publisher\" content=\"https:\/\/www.facebook.com\/proyecciones.educativas\" \/>\n<meta property=\"article:modified_time\" content=\"2023-04-16T13:55:32+00:00\" \/>\n<meta name=\"twitter:card\" content=\"summary_large_image\" \/>\n<meta name=\"twitter:label1\" content=\"Tiempo de lectura\" \/>\n\t<meta name=\"twitter:data1\" content=\"1 minuto\" \/>\n<script type=\"application\/ld+json\" class=\"yoast-schema-graph\">{\"@context\":\"https:\/\/schema.org\",\"@graph\":[{\"@type\":\"WebPage\",\"@id\":\"https:\/\/magicwonderland.es\/blog\/sample-page\/\",\"url\":\"https:\/\/magicwonderland.es\/blog\/sample-page\/\",\"name\":\"Nuestra empresa - Magic Wonderland\",\"isPartOf\":{\"@id\":\"https:\/\/magicwonderland.es\/blog\/#website\"},\"datePublished\":\"2023-01-25T11:32:10+00:00\",\"dateModified\":\"2023-04-16T13:55:32+00:00\",\"breadcrumb\":{\"@id\":\"https:\/\/magicwonderland.es\/blog\/sample-page\/#breadcrumb\"},\"inLanguage\":\"es\",\"potentialAction\":[{\"@type\":\"ReadAction\",\"target\":[\"https:\/\/magicwonderland.es\/blog\/sample-page\/\"]}]},{\"@type\":\"BreadcrumbList\",\"@id\":\"https:\/\/magicwonderland.es\/blog\/sample-page\/#breadcrumb\",\"itemListElement\":[{\"@type\":\"ListItem\",\"position\":1,\"name\":\"Portada\",\"item\":\"https:\/\/magicwonderland.es\/blog\/\"},{\"@type\":\"ListItem\",\"position\":2,\"name\":\"Nuestra empresa\"}]},{\"@type\":\"WebSite\",\"@id\":\"https:\/\/magicwonderland.es\/blog\/#website\",\"url\":\"https:\/\/magicwonderland.es\/blog\/\",\"name\":\"Magic Wonderland\",\"description\":\"Productora teatral y audiovisual\",\"publisher\":{\"@id\":\"https:\/\/magicwonderland.es\/blog\/#organization\"},\"potentialAction\":[{\"@type\":\"SearchAction\",\"target\":{\"@type\":\"EntryPoint\",\"urlTemplate\":\"https:\/\/magicwonderland.es\/blog\/?s={search_term_string}\"},\"query-input\":\"required name=search_term_string\"}],\"inLanguage\":\"es\"},{\"@type\":\"Organization\",\"@id\":\"https:\/\/magicwonderland.es\/blog\/#organization\",\"name\":\"Magic Wonderland SL\",\"url\":\"https:\/\/magicwonderland.es\/blog\/\",\"logo\":{\"@type\":\"ImageObject\",\"inLanguage\":\"es\",\"@id\":\"https:\/\/magicwonderland.es\/blog\/#\/schema\/logo\/image\/\",\"url\":\"https:\/\/magicwonderland.es\/blog\/wp-content\/uploads\/MagicWonderland150.jpg\",\"contentUrl\":\"https:\/\/magicwonderland.es\/blog\/wp-content\/uploads\/MagicWonderland150.jpg\",\"width\":150,\"height\":150,\"caption\":\"Magic Wonderland SL\"},\"image\":{\"@id\":\"https:\/\/magicwonderland.es\/blog\/#\/schema\/logo\/image\/\"},\"sameAs\":[\"https:\/\/www.facebook.com\/proyecciones.educativas\"]}]}<\/script>\n<!-- \/ Yoast SEO plugin. -->","yoast_head_json":{"title":"Nuestra empresa - Magic Wonderland","robots":{"index":"index","follow":"follow","max-snippet":"max-snippet:-1","max-image-preview":"max-image-preview:large","max-video-preview":"max-video-preview:-1"},"canonical":"https:\/\/magicwonderland.es\/blog\/sample-page\/","og_locale":"es_ES","og_type":"article","og_title":"Nuestra empresa - Magic Wonderland","og_description":"[&hellip;]","og_url":"https:\/\/magicwonderland.es\/blog\/sample-page\/","og_site_name":"Magic Wonderland","article_publisher":"https:\/\/www.facebook.com\/proyecciones.educativas","article_modified_time":"2023-04-16T13:55:32+00:00","twitter_card":"summary_large_image","twitter_misc":{"Tiempo de lectura":"1 minuto"},"schema":{"@context":"https:\/\/schema.org","@graph":[{"@type":"WebPage","@id":"https:\/\/magicwonderland.es\/blog\/sample-page\/","url":"https:\/\/magicwonderland.es\/blog\/sample-page\/","name":"Nuestra empresa - Magic Wonderland","isPartOf":{"@id":"https:\/\/magicwonderland.es\/blog\/#website"},"datePublished":"2023-01-25T11:32:10+00:00","dateModified":"2023-04-16T13:55:32+00:00","breadcrumb":{"@id":"https:\/\/magicwonderland.es\/blog\/sample-page\/#breadcrumb"},"inLanguage":"es","potentialAction":[{"@type":"ReadAction","target":["https:\/\/magicwonderland.es\/blog\/sample-page\/"]}]},{"@type":"BreadcrumbList","@id":"https:\/\/magicwonderland.es\/blog\/sample-page\/#breadcrumb","itemListElement":[{"@type":"ListItem","position":1,"name":"Portada","item":"https:\/\/magicwonderland.es\/blog\/"},{"@type":"ListItem","position":2,"name":"Nuestra empresa"}]},{"@type":"WebSite","@id":"https:\/\/magicwonderland.es\/blog\/#website","url":"https:\/\/magicwonderland.es\/blog\/","name":"Magic Wonderland","description":"Productora teatral y audiovisual","publisher":{"@id":"https:\/\/magicwonderland.es\/blog\/#organization"},"potentialAction":[{"@type":"SearchAction","target":{"@type":"EntryPoint","urlTemplate":"https:\/\/magicwonderland.es\/blog\/?s={search_term_string}"},"query-input":"required name=search_term_string"}],"inLanguage":"es"},{"@type":"Organization","@id":"https:\/\/magicwonderland.es\/blog\/#organization","name":"Magic Wonderland SL","url":"https:\/\/magicwonderland.es\/blog\/","logo":{"@type":"ImageObject","inLanguage":"es","@id":"https:\/\/magicwonderland.es\/blog\/#\/schema\/logo\/image\/","url":"https:\/\/magicwonderland.es\/blog\/wp-content\/uploads\/MagicWonderland150.jpg","contentUrl":"https:\/\/magicwonderland.es\/blog\/wp-content\/uploads\/MagicWonderland150.jpg","width":150,"height":150,"caption":"Magic Wonderland SL"},"image":{"@id":"https:\/\/magicwonderland.es\/blog\/#\/schema\/logo\/image\/"},"sameAs":["https:\/\/www.facebook.com\/proyecciones.educativas"]}]}},"_links":{"self":[{"href":"https:\/\/magicwonderland.es\/blog\/wp-json\/wp\/v2\/pages\/2"}],"collection":[{"href":"https:\/\/magicwonderland.es\/blog\/wp-json\/wp\/v2\/pages"}],"about":[{"href":"https:\/\/magicwonderland.es\/blog\/wp-json\/wp\/v2\/types\/page"}],"author":[{"embeddable":true,"href":"https:\/\/magicwonderland.es\/blog\/wp-json\/wp\/v2\/users\/1"}],"replies":[{"embeddable":true,"href":"https:\/\/magicwonderland.es\/blog\/wp-json\/wp\/v2\/comments?post=2"}],"version-history":[{"count":3,"href":"https:\/\/magicwonderland.es\/blog\/wp-json\/wp\/v2\/pages\/2\/revisions"}],"predecessor-version":[{"id":15,"href":"https:\/\/magicwonderland.es\/blog\/wp-json\/wp\/v2\/pages\/2\/revisions\/15"}],"wp:attachment":[{"href":"https:\/\/magicwonderland.es\/blog\/wp-json\/wp\/v2\/media?parent=2"}],"curies":[{"name":"wp","href":"https:\/\/api.w.org\/{rel}","templated":true}]}}